{"id":21474,"date":"2020-05-25T15:24:27","date_gmt":"2020-05-25T15:24:27","guid":{"rendered":"https:\/\/florenciatemperley.com\/?page_id=21474"},"modified":"2026-01-11T20:04:08","modified_gmt":"2026-01-11T20:04:08","slug":"bio","status":"publish","type":"page","link":"https:\/\/florenciatemperley.com\/en\/bio\/","title":{"rendered":"Bio"},"content":{"rendered":"<section class=\"vc_row wpb_row vc_row-fluid\"><div class=\"wpb_column vc_column_container vc_col-sm-12  col-xs-mobile-fullwidth\"><div class=\"vc_column-inner\"><div class=\"wpb_wrapper\"><span class=\"text-dark-gray margin-10px-bottom font-weight-300 alt-font heading-style1  heading-1\"  style=\"font-size: 36px; font-weight: 700;\" data-fontsize=\"36px\">Florencia Temperley<\/span><div class=\"blockquote-style-1\"><blockquote class=\"border-color-deep-pink\"><div class=\"last-paragraph-no-margin\"><p>Artista visual argentina con m\u00e1s de 18 a\u00f1os de trayectoria, licenciada en Comunicaci\u00f3n, especializada en fotograf\u00eda y postproducci\u00f3n fotogr\u00e1fica. Ha realizado estudios de posgrado en la Universidad Nacional de las Artes en Buenos Aires. Desde 2023, vive y trabaja en Madrid, Espa\u00f1a. Sus exposiciones m\u00e1s recientes tuvieron lugar en La Puerta Roja (2025\/Buenos Aires) y en Open House Madrid (2024). Su obra ha sido exhibida en reconocidos espacios de Buenos Aires, como el Centro Cultural Recoleta, el Festival de la Luz, \u00a0la galer\u00eda Aldo de Sousa, Arte x Arte, ha participado en varias ediciones de Buenos Aires Photo y la feria de arte contempor\u00e1neo ArteBA. A nivel internacional, ha formado parte de ferias como Pinta New York, Miami International, Pinta Miami, Chaco (Chile) y en eventos de arte en Per\u00fa y Colombia.<\/p>\n<\/div><\/blockquote><\/div><div class=\"position-relative overflow-hidden width-100\"><h3 class=\"margin-100px-bottom xs-margin-40px-bottom font-weight-600 display-inline-block alt-font text-small text-outside-line-full heading-style5  heading-2\"  style=\"font-size: 24px; font-weight: 700;\" data-fontsize=\"24px\">Samples<\/h3><\/div><div class=\"featurebox33 pofo-featurebox feature-box-1 featurebox33-1\" ><h5 class=\"text-light-gray font-weight-300 alt-font no-margin-bottom\" style=\"\">2025<\/h5><div class=\"width-90 sm-width-100 last-paragraph-no-margin\"><p><strong>La Puerta Roja.<\/strong>Muestra individual realizada en el espacio LPR, dedicado a la difusi\u00f3n de diversos lenguajes de la fotograf\u00eda.<\/p>\n<\/div><div class=\"separator-line-horrizontal-medium-light3 bg-deep-pink width-50px margin-25px-top display-inline-block\"><\/div><\/div><div class=\"featurebox33 pofo-featurebox feature-box-1 featurebox33-2\" ><h5 class=\"text-light-gray font-weight-300 alt-font no-margin-bottom\" style=\"\">2024<\/h5><div class=\"width-90 sm-width-100 last-paragraph-no-margin\"><p><strong>Open House Madrid.\u00a0<\/strong>Muestra grupal realizada para el Open House en el Colegio Reggio. Madrid, Espa\u00f1a.<\/p>\n<\/div><div class=\"separator-line-horrizontal-medium-light3 bg-deep-pink width-50px margin-25px-top display-inline-block\"><\/div><\/div><div class=\"featurebox33 pofo-featurebox feature-box-1 featurebox33-3\" ><h5 class=\"text-light-gray font-weight-300 alt-font no-margin-bottom\" style=\"\">2022<\/h5><div class=\"width-90 sm-width-100 last-paragraph-no-margin\"><p><b>Taller\/estudio\/laboratorio.<\/b> Muestra grupal con la curadur\u00eda de Eduardo Stup\u00eda. El obrador centro creativo, Buenos Aires.<\/p>\n<\/div><div class=\"separator-line-horrizontal-medium-light3 bg-deep-pink width-50px margin-25px-top display-inline-block\"><\/div><\/div><div class=\"vc_row wpb_row vc_inner vc_row-fluid   vc_row-o-equal-height vc_row-flex\"><div class=\"wpb_column vc_column_container vc_col-sm-3  col-xs-mobile-fullwidth wow fadeInRight\"><div class=\"vc_column-inner\"><div class=\"wpb_wrapper\"><div class=\"featurebox33 pofo-featurebox feature-box-1 featurebox33-4\" ><h5 class=\"text-light-gray font-weight-300 alt-font no-margin-bottom\" style=\"\">2017<\/h5><div class=\"width-90 sm-width-100 last-paragraph-no-margin\"><p><b>AD HONOREM<\/b> . show curated by Lorena Alfonso at (experencia)Hiedra.<\/p>\n<p><b>HASHTAG<\/b> . Site specific installation at Pasaje 17 Gallery.<\/p>\n<\/div><div class=\"separator-line-horrizontal-medium-light3 bg-deep-pink width-50px margin-25px-top display-inline-block\"><\/div><\/div><\/div><\/div><\/div><div class=\"wpb_column vc_column_container vc_col-sm-3  col-xs-mobile-fullwidth wow fadeInRight\"><div class=\"vc_column-inner\"><div class=\"wpb_wrapper\"><div class=\"featurebox33 pofo-featurebox feature-box-1 featurebox33-5\" ><h5 class=\"text-light-gray font-weight-300 alt-font no-margin-bottom\" style=\"\">2014<\/h5><div class=\"width-90 sm-width-100 last-paragraph-no-margin\"><p><b>FORTALEZA<\/b>. Group show at Elsi del R\u00edo gallery. Curated by Melisa Boratyn.<\/p>\n<\/div><div class=\"separator-line-horrizontal-medium-light3 bg-deep-pink width-50px margin-25px-top display-inline-block\"><\/div><\/div><\/div><\/div><\/div><div class=\"wpb_column vc_column_container vc_col-sm-3  col-xs-mobile-fullwidth wow fadeInRight\"><div class=\"vc_column-inner\"><div class=\"wpb_wrapper\"><div class=\"featurebox33 pofo-featurebox feature-box-1 featurebox33-6\" ><h5 class=\"text-light-gray font-weight-300 alt-font no-margin-bottom\" style=\"\">2012<\/h5><div class=\"width-90 sm-width-100 last-paragraph-no-margin\"><p><span class=\"\"><b class=\"\">PASAJE 17<\/b>. show curated by Valeria Gonzalez. Buenos Aires, Argentina<br class=\"\" \/><b class=\"\">POLYPHONY<\/b>. UNTREF Multidisciplinary project for a public TV program, Incaa.<br class=\"\" \/><b class=\"\">ArteBA<\/b>. Buenos Aires photography fair.<br class=\"\" \/><b class=\"\">G13 Collective<\/b>. Action \u00abSediment\u00bb in Matienzo Cultural Club.<\/span><\/p>\n<\/div><div class=\"separator-line-horrizontal-medium-light3 bg-deep-pink width-50px margin-25px-top display-inline-block\"><\/div><\/div><\/div><\/div><\/div><div class=\"wpb_column vc_column_container vc_col-sm-3  col-xs-mobile-fullwidth wow fadeInRight\"><div class=\"vc_column-inner\"><div class=\"wpb_wrapper\"><div class=\"featurebox33 pofo-featurebox feature-box-1 featurebox33-7\" ><h5 class=\"text-light-gray font-weight-300 alt-font no-margin-bottom\" style=\"\">2011<\/h5><div class=\"width-90 sm-width-100 last-paragraph-no-margin\"><div class=\"\"><span class=\"\"><b class=\"\">ChaCO\u00a0<\/b>. Aldo de Sousa Gallery. Santiago, Chile.<\/span><\/div>\n<div class=\"\"><span class=\"\"><b class=\"\">National Hall of Visual Arts<\/b>. Group exhibition. Buenos Aires.<br class=\"\" \/><b class=\"\">Rubbers Gallery<\/b>. Group exhibition. Buenos Aires.<br class=\"\" \/><b class=\"\">G13 Collective<\/b>. Action \u00abUntitled\u00bb in This is not a gallery.<\/span><\/div>\n<\/div><div class=\"separator-line-horrizontal-medium-light3 bg-deep-pink width-50px margin-25px-top display-inline-block\"><\/div><\/div><\/div><\/div><\/div><\/div><div class=\"vc_separator wpb_content_element vc_separator_align_center vc_sep_width_100 vc_sep_border_width_10 vc_sep_pos_align_center vc_separator_no_text vc_sep_color_white vc_custom_1590437042185  vc_custom_1590437042185\" ><span class=\"vc_sep_holder vc_sep_holder_l\"><span  class=\"vc_sep_line\"><\/span><\/span><span class=\"vc_sep_holder vc_sep_holder_r\"><span  class=\"vc_sep_line\"><\/span><\/span>\n<\/div><div class=\"vc_row wpb_row vc_inner vc_row-fluid\"><div class=\"wpb_column vc_column_container vc_col-sm-3  col-xs-mobile-fullwidth wow fadeInRight\"><div class=\"vc_column-inner\"><div class=\"wpb_wrapper\"><div class=\"featurebox33 pofo-featurebox feature-box-1 featurebox33-8\" ><h5 class=\"text-light-gray font-weight-300 alt-font no-margin-bottom\" style=\"\">2010<\/h5><div class=\"width-90 sm-width-100 last-paragraph-no-margin\"><p><span class=\"\"><b class=\"\">ESPACIOS<\/b>. Festival de la Luz (Light Festival) | Solo show. Buenos Aires.<br class=\"\" \/><b class=\"\">Buenos Aires Photo<\/b>. Buenos Aires photography fair.<\/span><\/p>\n<\/div><div class=\"separator-line-horrizontal-medium-light3 bg-deep-pink width-50px margin-25px-top display-inline-block\"><\/div><\/div><\/div><\/div><\/div><div class=\"wpb_column vc_column_container vc_col-sm-3  col-xs-mobile-fullwidth wow fadeInRight\"><div class=\"vc_column-inner\"><div class=\"wpb_wrapper\"><div class=\"featurebox33 pofo-featurebox feature-box-1 featurebox33-9\" ><h5 class=\"text-light-gray font-weight-300 alt-font no-margin-bottom\" style=\"\">2009<\/h5><div class=\"width-90 sm-width-100 last-paragraph-no-margin\"><p><span class=\"\"><b class=\"\">ZABALETA LAB<\/b>\u00a0. Group exhibition. Buenos Aires.<br class=\"\" \/><b class=\"\">\u00abCHILDREN RIGHTS\u00bb<\/b>. Group exhibition. Buenos Aires.<br class=\"\" \/><b class=\"\">ArteBA<\/b>. Arte x Arte Gallery. Buenos Aires.<\/span><\/p>\n<\/div><div class=\"separator-line-horrizontal-medium-light3 bg-deep-pink width-50px margin-25px-top display-inline-block\"><\/div><\/div><\/div><\/div><\/div><div class=\"wpb_column vc_column_container vc_col-sm-3  col-xs-mobile-fullwidth wow fadeInRight\"><div class=\"vc_column-inner\"><div class=\"wpb_wrapper\"><div class=\"featurebox33 pofo-featurebox feature-box-1 featurebox33-10\" ><h5 class=\"text-light-gray font-weight-300 alt-font no-margin-bottom\" style=\"\">2008<\/h5><div class=\"width-90 sm-width-100 last-paragraph-no-margin\"><p><span class=\"\"><b class=\"\">CENTRO CULTURAL RECOLETA<\/b>. Solo exhibition. Buenos Aires.<br class=\"\" \/><b class=\"\">PASAJE 17<\/b>. Group exhibition. Buenos Aires.<br class=\"\" \/><b class=\"\">Liquid Map Gallery<\/b>. Group show.<br class=\"\" \/><b class=\"\">Miami Photo<\/b>. Arte x Arte Gallery. Buenos Aires.<br class=\"\" \/><b class=\"\">Pinta NY<\/b>. Feria Latinoamericana de Arte. Galer\u00eda Arte x Arte. NYC, USA.<br class=\"\" \/><b class=\"\">ArteBA<\/b>. Arte x Arte Gallery. Buenos Aires.<b class=\"\"><br class=\"\" \/>ArteBA<\/b>. Paradigma Digital. Buenos Aires.<\/span><\/p>\n<\/div><div class=\"separator-line-horrizontal-medium-light3 bg-deep-pink width-50px margin-25px-top display-inline-block\"><\/div><\/div><\/div><\/div><\/div><div class=\"wpb_column vc_column_container vc_col-sm-3  col-xs-mobile-fullwidth wow fadeInRight\"><div class=\"vc_column-inner\"><div class=\"wpb_wrapper\"><div class=\"featurebox33 pofo-featurebox feature-box-1 featurebox33-11\" ><h5 class=\"text-light-gray font-weight-300 alt-font no-margin-bottom\" style=\"\">2007<\/h5><div class=\"width-90 sm-width-100 last-paragraph-no-margin\"><p><span class=\"\"><b class=\"\">PASAJE 17 GALLERY<\/b>. Site specific installation. Buenos Aires.<\/span><\/p>\n<\/div><div class=\"separator-line-horrizontal-medium-light3 bg-deep-pink width-50px margin-25px-top display-inline-block\"><\/div><\/div><\/div><\/div><\/div><\/div><div class=\"vc_separator wpb_content_element vc_separator_align_center vc_sep_width_100 vc_sep_border_width_10 vc_sep_pos_align_center vc_separator_no_text vc_sep_color_white vc_custom_1590437015615  vc_custom_1590437015615\" ><span class=\"vc_sep_holder vc_sep_holder_l\"><span  class=\"vc_sep_line\"><\/span><\/span><span class=\"vc_sep_holder vc_sep_holder_r\"><span  class=\"vc_sep_line\"><\/span><\/span>\n<\/div><div class=\"position-relative overflow-hidden width-100\"><h3 class=\"margin-100px-bottom xs-margin-40px-bottom font-weight-600 display-inline-block alt-font text-small text-outside-line-full heading-style5  heading-3\"  style=\"font-size: 24px; font-weight: 700;\" data-fontsize=\"24px\">Statement<\/h3><\/div><div class=\"vc_row wpb_row vc_inner vc_row-fluid\"><div class=\"wpb_column vc_column_container vc_col-sm-3  col-xs-mobile-fullwidth\"><div class=\"vc_column-inner\"><div class=\"wpb_wrapper\">\n\t<div  class=\"wpb_single_image wpb_content_element vc_align_left  wpb_animate_when_almost_visible wpb_fadeInRight fadeInRight\">\n\t\t\n\t\t<figure class=\"wpb_wrapper vc_figure\">\n\t\t\t<div class=\"vc_single_image-wrapper vc_box_circle  vc_box_border_grey\"><img loading=\"lazy\" decoding=\"async\" width=\"150\" height=\"150\" src=\"https:\/\/florenciatemperley.com\/wp-content\/uploads\/2024\/11\/florperfil-150x150.png\" class=\"vc_single_image-img attachment-thumbnail\" alt=\"\" \/><\/div>\n\t\t<\/figure>\n\t<\/div>\n<\/div><\/div><\/div><div class=\"wpb_column vc_column_container vc_col-sm-9  col-xs-mobile-fullwidth\"><div class=\"vc_column-inner\"><div class=\"wpb_wrapper\"><div class=\"testimonial-2 testimonial-style-2\"><div class=\"width-90 margin-30px-bottom display-inline-block last-paragraph-no-margin inner-match-height xs-margin-15px-bottom\"><p style=\"text-align: left;\"><i>Florencia crea fotograf\u00edas, objetos e instalaciones que integran situaciones naturales con elementos que ella misma construye. A trav\u00e9s de los escenarios que propone, guiada por una b\u00fasqueda filos\u00f3fica, invita al espectador a la reflexi\u00f3n, abriendo posibilidades para replantear nuestra percepci\u00f3n y cuestionarse qu\u00e9 es lo \u2018real\u2019: lo que otro me muestra, lo que el sistema intenta imponer, o lo aut\u00e9ntico, aquello que atraviesa el cuerpo. A trav\u00e9s de la uni\u00f3n de lo natural y lo artificial, sus obras funcionan como met\u00e1foras visuales. Observa el mundo humano y natural, lo cuestiona a trav\u00e9s del arte, con una mirada desde el afecto como acto de resistencia.<\/i><\/p>\n<p style=\"text-align: left;\">Crea objetos a partir de maderas recuperadas o elementos industriales, los fotograf\u00eda y luego transforma esas im\u00e1genes mediante un proceso h\u00edbrido manual-digital, convirtiendo los montajes en composiciones in\u00e9ditas. Reproduce espacios naturales y los interviene digitalmente con elementos construidos por ella de forma real o digital; utiliza habitaciones blancas como marco visual para recortar una idea y tambi\u00e9n trabajar las ideas de encierro y control.\u00a0 En su obra, los elementos se transforman, las sombras no responden a la luz real y emerge algo entre lo que es y lo que se percibe, insinuando m\u00e1s all\u00e1 de la representaci\u00f3n concreta. Los cielos grises y nubosos que incorpora son cielos de introspecci\u00f3n, de incertidumbre, en un estado de suspensi\u00f3n. En sus objetos e instalaciones convierte la tierra en un soporte de la palabra, en una tecla de computadora para hablar del control, en un sost\u00e9n inerte de la posibilidad de la vida. Su obra invita a acercarse, a encontrarse con un lenguaje visual cercano, donde su propia mirada del mundo intenta provocar a la mirada del otro.<\/p>\n<p style=\"text-align: left;\">Florencia desarrolla su obra art\u00edstica desde un enfoque marcado por cuestionamientos sociol\u00f3gicos y filos\u00f3ficos. Su creaci\u00f3n de fotomontajes, poemas y objetos surge de una necesidad de confrontar esa incomodidad interna frente a los modos de vida contempor\u00e1neos, nuestras relaciones con el sistema en el que estamos inmersos y las consecuencias de nuestras decisiones, encapsulando as\u00ed la complejidad de la experiencia humana. Su proceso creativo est\u00e1 intr\u00ednsecamente ligado a la reflexi\u00f3n sobre la realidad y a sus lecturas filos\u00f3ficas, en un intento de encontrar respuestas \u2014o nuevas preguntas\u2014 a trav\u00e9s de la materializaci\u00f3n de una fotograf\u00eda, un objeto, un poema o una instalaci\u00f3n.<\/p>\n<p style=\"text-align: left;\">Estas im\u00e1genes act\u00faan como met\u00e1foras visuales que esconden y revelan detalles, poniendo en duda tanto lo visible como lo que creemos entender de la realidad.<\/p>\n<\/div><i class=\"fas fa-quote-left icon-small text-deep-pink display-block margin-15px-bottom\"><\/i><div class=\"text-extra-dark-gray font-weight-600 text-small display-block line-height-10 alt-font text-uppercase\" style=\"font-style: italic;\">Florencia Temperley<\/div><\/div><\/div><\/div><\/div><\/div><\/div><\/div><\/div><\/section>","protected":false},"excerpt":{"rendered":"Florencia TemperleyArtista visual argentina con m\u00e1s de 18 a\u00f1os de trayectoria, licenciada en Comunicaci\u00f3n, especializada en fotograf\u00eda y postproducci\u00f3n fotogr\u00e1fica. Ha realizado estudios de posgrado en la Universidad Nacional de las Artes en Buenos Aires. Desde 2023, vive y trabaja en Madrid, Espa\u00f1a. Sus exposiciones m\u00e1s recientes tuvieron lugar en La Puerta Roja (2025\/Buenos Aires) y en Open House Madrid (2024). Su obra ha sido exhibida en reconocidos espacios de Buenos Aires, como el Centro Cultural Recoleta, el Festival de la Luz, \u00a0la galer\u00eda Aldo de Sousa, Arte x Arte, ha participado en varias ediciones de Buenos Aires Photo y la feria de arte contempor\u00e1neo ArteBA. A nivel internacional, ha formado parte de ferias como Pinta New York, Miami International, Pinta Miami, Chaco (Chile) y en eventos de arte en Per\u00fa y Colombia. Muestras2025La Puerta Roja.Muestra individual realizada en el espacio LPR, dedicado a la difusi\u00f3n de diversos lenguajes de la fotograf\u00eda. 2024Open House Madrid.\u00a0Muestra grupal realizada para el Open House en el Colegio Reggio. Madrid, Espa\u00f1a. 2022Taller\/estudio\/laboratorio. Muestra grupal con la curadur\u00eda de Eduardo Stup\u00eda. El obrador centro creativo, Buenos Aires. 2017AD HONOREM. Curadur\u00eda: Lorena Alfonso. (experiencia)Hiedra. HASHTAG. Intervenci\u00f3n de ba\u00f1os junto a Luz Vidal. Pasaje 17. 2014FORTALEZA. Elsi...","protected":false},"author":1,"featured_media":0,"parent":0,"menu_order":0,"comment_status":"closed","ping_status":"closed","template":"","meta":{"_coblocks_attr":"","_coblocks_dimensions":"","_coblocks_responsive_height":"","_coblocks_accordion_ie_support":"","footnotes":""},"class_list":["post-21474","page","type-page","status-publish","hentry"],"yoast_head":"<!-- This site is optimized with the Yoast SEO plugin v27.5 - https:\/\/yoast.com\/product\/yoast-seo-wordpress\/ -->\n<title>Bio - Florencia Temperley<\/title>\n<meta name=\"robots\" content=\"index, follow, max-snippet:-1, max-image-preview:large, max-video-preview:-1\" \/>\n<link rel=\"canonical\" href=\"https:\/\/florenciatemperley.com\/en\/bio\/\" \/>\n<meta property=\"og:locale\" content=\"en_US\" \/>\n<meta property=\"og:type\" content=\"article\" \/>\n<meta property=\"og:title\" content=\"Bio - Florencia Temperley\" \/>\n<meta property=\"og:url\" content=\"https:\/\/florenciatemperley.com\/en\/bio\/\" \/>\n<meta property=\"og:site_name\" content=\"Florencia Temperley\" \/>\n<meta property=\"article:modified_time\" content=\"2026-01-11T20:04:08+00:00\" \/>\n<meta name=\"twitter:card\" content=\"summary_large_image\" \/>\n<meta name=\"twitter:label1\" content=\"Est. reading time\" \/>\n\t<meta name=\"twitter:data1\" content=\"5 minutes\" \/>\n<script type=\"application\/ld+json\" class=\"yoast-schema-graph\">{\"@context\":\"https:\\\/\\\/schema.org\",\"@graph\":[{\"@type\":\"WebPage\",\"@id\":\"https:\\\/\\\/florenciatemperley.com\\\/bio\\\/\",\"url\":\"https:\\\/\\\/florenciatemperley.com\\\/bio\\\/\",\"name\":\"Bio - Florencia Temperley\",\"isPartOf\":{\"@id\":\"https:\\\/\\\/florenciatemperley.com\\\/#website\"},\"datePublished\":\"2020-05-25T15:24:27+00:00\",\"dateModified\":\"2026-01-11T20:04:08+00:00\",\"breadcrumb\":{\"@id\":\"https:\\\/\\\/florenciatemperley.com\\\/bio\\\/#breadcrumb\"},\"inLanguage\":\"en-US\",\"potentialAction\":[{\"@type\":\"ReadAction\",\"target\":[\"https:\\\/\\\/florenciatemperley.com\\\/bio\\\/\"]}]},{\"@type\":\"BreadcrumbList\",\"@id\":\"https:\\\/\\\/florenciatemperley.com\\\/bio\\\/#breadcrumb\",\"itemListElement\":[{\"@type\":\"ListItem\",\"position\":1,\"name\":\"Home\",\"item\":\"https:\\\/\\\/florenciatemperley.com\\\/\"},{\"@type\":\"ListItem\",\"position\":2,\"name\":\"Bio\"}]},{\"@type\":\"WebSite\",\"@id\":\"https:\\\/\\\/florenciatemperley.com\\\/#website\",\"url\":\"https:\\\/\\\/florenciatemperley.com\\\/\",\"name\":\"Florencia Temperley\",\"description\":\"Artista visual\",\"potentialAction\":[{\"@type\":\"SearchAction\",\"target\":{\"@type\":\"EntryPoint\",\"urlTemplate\":\"https:\\\/\\\/florenciatemperley.com\\\/?s={search_term_string}\"},\"query-input\":{\"@type\":\"PropertyValueSpecification\",\"valueRequired\":true,\"valueName\":\"search_term_string\"}}],\"inLanguage\":\"en-US\"}]}<\/script>\n<!-- \/ Yoast SEO plugin. -->","yoast_head_json":{"title":"Bio - Florencia Temperley","robots":{"index":"index","follow":"follow","max-snippet":"max-snippet:-1","max-image-preview":"max-image-preview:large","max-video-preview":"max-video-preview:-1"},"canonical":"https:\/\/florenciatemperley.com\/en\/bio\/","og_locale":"en_US","og_type":"article","og_title":"Bio - Florencia Temperley","og_url":"https:\/\/florenciatemperley.com\/en\/bio\/","og_site_name":"Florencia Temperley","article_modified_time":"2026-01-11T20:04:08+00:00","twitter_card":"summary_large_image","twitter_misc":{"Est. reading time":"5 minutes"},"schema":{"@context":"https:\/\/schema.org","@graph":[{"@type":"WebPage","@id":"https:\/\/florenciatemperley.com\/bio\/","url":"https:\/\/florenciatemperley.com\/bio\/","name":"Bio - Florencia Temperley","isPartOf":{"@id":"https:\/\/florenciatemperley.com\/#website"},"datePublished":"2020-05-25T15:24:27+00:00","dateModified":"2026-01-11T20:04:08+00:00","breadcrumb":{"@id":"https:\/\/florenciatemperley.com\/bio\/#breadcrumb"},"inLanguage":"en-US","potentialAction":[{"@type":"ReadAction","target":["https:\/\/florenciatemperley.com\/bio\/"]}]},{"@type":"BreadcrumbList","@id":"https:\/\/florenciatemperley.com\/bio\/#breadcrumb","itemListElement":[{"@type":"ListItem","position":1,"name":"Home","item":"https:\/\/florenciatemperley.com\/"},{"@type":"ListItem","position":2,"name":"Bio"}]},{"@type":"WebSite","@id":"https:\/\/florenciatemperley.com\/#website","url":"https:\/\/florenciatemperley.com\/","name":"Florencia Temperley","description":"Artista visual","potentialAction":[{"@type":"SearchAction","target":{"@type":"EntryPoint","urlTemplate":"https:\/\/florenciatemperley.com\/?s={search_term_string}"},"query-input":{"@type":"PropertyValueSpecification","valueRequired":true,"valueName":"search_term_string"}}],"inLanguage":"en-US"}]}},"_links":{"self":[{"href":"https:\/\/florenciatemperley.com\/en\/wp-json\/wp\/v2\/pages\/21474","targetHints":{"allow":["GET"]}}],"collection":[{"href":"https:\/\/florenciatemperley.com\/en\/wp-json\/wp\/v2\/pages"}],"about":[{"href":"https:\/\/florenciatemperley.com\/en\/wp-json\/wp\/v2\/types\/page"}],"author":[{"embeddable":true,"href":"https:\/\/florenciatemperley.com\/en\/wp-json\/wp\/v2\/users\/1"}],"replies":[{"embeddable":true,"href":"https:\/\/florenciatemperley.com\/en\/wp-json\/wp\/v2\/comments?post=21474"}],"version-history":[{"count":20,"href":"https:\/\/florenciatemperley.com\/en\/wp-json\/wp\/v2\/pages\/21474\/revisions"}],"predecessor-version":[{"id":22390,"href":"https:\/\/florenciatemperley.com\/en\/wp-json\/wp\/v2\/pages\/21474\/revisions\/22390"}],"wp:attachment":[{"href":"https:\/\/florenciatemperley.com\/en\/wp-json\/wp\/v2\/media?parent=21474"}],"curies":[{"name":"wp","href":"https:\/\/api.w.org\/{rel}","templated":true}]}}